{"id":536,"date":"2025-04-09T15:27:20","date_gmt":"2025-04-09T13:27:20","guid":{"rendered":"https:\/\/tonotion.com\/about-us\/"},"modified":"2025-06-11T15:00:19","modified_gmt":"2025-06-11T13:00:19","slug":"about-us","status":"publish","type":"page","link":"https:\/\/tonotion.com\/de\/about-us\/","title":{"rendered":"\u00dcber uns"},"content":{"rendered":"<div class=\"wp-block-uagb-container uagb-block-9df1a35b alignfull uagb-is-root-container\"><div class=\"uagb-container-inner-blocks-wrap\">\n<div class=\"wp-block-group is-layout-constrained wp-block-group-is-layout-constrained\">\n<div class=\"wp-block-uagb-info-box uagb-block-dc45d64a uagb-infobox__content-wrap  uagb-infobox-icon-above-title uagb-infobox-image-valign-top wp-block-uagb-info-box--has-margin\"><div class=\"uagb-infobox-margin-wrapper\"><div class=\"uagb-ifb-content\"><div class=\"uagb-ifb-title-wrap\"><h1 class=\"uagb-ifb-title-prefix\">Wer wir sind<\/h1><h5 class=\"uagb-ifb-title\"><strong>TON<\/strong>OTION ist ein Gruppe von Komponisten, Musikproduzenten, Sounddesignern und Toningenieuren, die an die Kraft des Klangs glauben, um Geschichten zu erz\u00e4hlen und Menschen zu bewegen. Wir lieben es, Musikinstrumente zu spielen und handgemachte Kl\u00e4nge in unserem Tonstudio zu kreieren... und lieben es gleichzeitig die unendlichen M\u00f6glichkeiten der digitalen Musikproduktion und des Sounddesigns auszusch\u00f6pfen.<\/h5><\/div><\/div><\/div><\/div>\n\n\n\n<div class=\"wp-block-uagb-info-box uagb-block-73c9b1d2 uagb-infobox__content-wrap  uagb-infobox-icon-above-title uagb-infobox-image-valign-top wp-block-uagb-info-box--has-margin\"><div class=\"uagb-infobox-margin-wrapper\"><div class=\"uagb-ifb-content\"><div class=\"uagb-ifb-title-wrap\"><h1 class=\"uagb-ifb-title-prefix\">Unser Know-how<\/h1><h5 class=\"uagb-ifb-title\">Was uns auszeichnet, ist unsere Flexibilit\u00e4t, wirklich auf die Bed\u00fcrfnisse unserer Kunden einzugehen, ma\u00dfgeschneiderte L\u00f6sungen zu finden und eine gro\u00dfe Auswahl an Audio-Dienstleistungen aus einer Hand anzubieten. Unsere langj\u00e4hrige Erfahrung und unser eigenes Tonstudio erm\u00f6glichen es, alle Arten von Musikstilen und Klangtexturen anzubieten, von klassischen Kompositionen \u00fcber benutzerdefinierte Songs bis hin zu elektronischer Musik und komplexen Klanglandschaften. Wann immer ein ungew\u00f6hnliches Instrument oder eine einzigartige Stimme ben\u00f6tigt wird, arbeiten wir mit einem langj\u00e4hrigen Netzwerk vertrauensw\u00fcrdiger Mitarbeiter zusammen.<\/h5><\/div><\/div><\/div><\/div>\n<\/div>\n\n\n\n<div class=\"wp-block-uagb-container uagb-block-59b98831\">\n<div class=\"wp-block-uagb-advanced-heading uagb-block-36ded468\"><h1 class=\"uagb-heading-text\">Unser Kernteam <\/h1><\/div>\n\n\n\n<div class=\"wp-block-uagb-container uagb-layout-grid uagb-block-021199c4\">\n<div class=\"wp-block-uagb-info-box uagb-block-dfa76631 uagb-infobox__content-wrap  uagb-infobox-icon-above-title uagb-infobox-image-valign-top wp-block-uagb-info-box--has-margin\"><div class=\"uagb-infobox-margin-wrapper\"><div class=\"uagb-ifb-content\"><div class=\"uagb-ifb-image-content\"><img decoding=\"async\" src=\"https:\/\/tonotion.com\/wp-content\/uploads\/2025\/05\/Florian-Tippe.avif\" alt=\"\" width=\"\" height=\"0\" loading=\"lazy\"\/><\/div><div class=\"uagb-ifb-title-wrap\"><h4 class=\"uagb-ifb-title-prefix\">Florian Tippe<\/h4><h6 class=\"uagb-ifb-title\">Komponist, Musikproduzent, Sounddesigner<\/h6><\/div><p class=\"uagb-ifb-desc\">studierte klassische Musik an der Universit\u00e4t der K\u00fcnste Berlin und produziert seit 2007 Musik- und Sounddesign.<br><br><\/p><div class=\"uagb-ifb-button-wrapper wp-block-button\"><a href=\"https:\/\/floriantippe.de\" class=\"uagb-infobox-cta-link ast-outline-button\" target=\"_blank\" rel=\"noopener noreferrer\" style=\"border-width:revert-layer\" onclick=\"return true;\"><span class=\"uagb-inline-editing\">Mehr Infos<\/span><svg xmlns=\"https:\/\/www.w3.org\/2000\/svg\" viewbox=\"0 0 512 512\"><path d=\"M504.3 273.6l-112.1 104c-6.992 6.484-17.18 8.218-25.94 4.406c-8.758-3.812-14.42-12.45-14.42-21.1L351.9 288H32C14.33 288 .0002 273.7 .0002 255.1S14.33 224 32 224h319.9l0-72c0-9.547 5.66-18.19 14.42-22c8.754-3.809 18.95-2.075 25.94 4.41l112.1 104C514.6 247.9 514.6 264.1 504.3 273.6z\"><\/path><\/svg><\/a><\/div><\/div><\/div><\/div>\n\n\n\n<div class=\"wp-block-uagb-info-box uagb-block-5640ac09 uagb-infobox__content-wrap  uagb-infobox-icon-above-title uagb-infobox-image-valign-top wp-block-uagb-info-box--has-margin\"><div class=\"uagb-infobox-margin-wrapper\"><div class=\"uagb-ifb-content\"><div class=\"uagb-ifb-image-content\"><img decoding=\"async\" src=\"https:\/\/tonotion.com\/wp-content\/uploads\/2025\/06\/Matthias-Manzke-3-scaled-e1749241210698.webp\" alt=\"\" width=\"\" height=\"0\" loading=\"lazy\"\/><\/div><div class=\"uagb-ifb-title-wrap\"><h4 class=\"uagb-ifb-title-prefix\">Matthias Manzke<\/h4><h6 class=\"uagb-ifb-title\">Komponist, Musikproduzent<\/h6><\/div><p class=\"uagb-ifb-desc\">studierte Jazz an der Universit\u00e4t der K\u00fcnste Berlin und komponiert, arrangiert und produziert seit 2005 Musik.<\/p><\/div><\/div><\/div>\n\n\n\n<div class=\"wp-block-uagb-info-box uagb-block-d43b0e8f uagb-infobox__content-wrap  uagb-infobox-icon-above-title uagb-infobox-image-valign-top\"><div class=\"uagb-ifb-content\"><div class=\"uagb-ifb-image-content\"><img decoding=\"async\" src=\"https:\/\/tonotion.com\/wp-content\/uploads\/2023\/03\/team-04.jpg\" alt=\"\" width=\"\" height=\"0\" loading=\"lazy\"\/><\/div><div class=\"uagb-ifb-title-wrap\"><h4 class=\"uagb-ifb-title-prefix\">Andreas Bergmannn<\/h4><h6 class=\"uagb-ifb-title\">Toningenieur, Foley-K\u00fcnstler<\/h6><\/div><p class=\"uagb-ifb-desc\">studierte Tontechnik und arbeitet seit 2003 als Toningenieur und Foley-K\u00fcnstler.<\/p><\/div><\/div>\n<\/div>\n<\/div>\n\n\n\n<div class=\"wp-block-uagb-container uagb-layout-flex uagb-block-443157c5\">\n<div class=\"wp-block-uagb-info-box uagb-block-2db40194 uagb-infobox__content-wrap  uagb-infobox-icon-above-title uagb-infobox-image-valign-top wp-block-uagb-info-box--has-margin\"><div class=\"uagb-infobox-margin-wrapper\"><div class=\"uagb-ifb-content\"><div class=\"uagb-ifb-title-wrap\"><h2 class=\"uagb-ifb-title\">Wenn Sie auf der Suche nach ma\u00dfgeschneiderter Musik, Sounddesign oder Audio-Branding sind...<\/h2><\/div><div class=\"uagb-ifb-button-wrapper wp-block-button\"><a href=\"https:\/\/tonotion.com\/de\/contact\/\" class=\"uagb-infobox-cta-link wp-block-button__link\" target=\"_self\" rel=\"noopener noreferrer\" onclick=\"return true;\"><span class=\"uagb-inline-editing\">Kontaktieren Sie uns<\/span><\/a><\/div><\/div><\/div><\/div>\n<\/div>\n<\/div><\/div>","protected":false},"excerpt":{"rendered":"<p>Unser Kernteam<\/p>","protected":false},"author":1,"featured_media":0,"parent":0,"menu_order":0,"comment_status":"closed","ping_status":"closed","template":"","meta":{"_uag_custom_page_level_css":"","site-sidebar-layout":"no-sidebar","site-content-layout":"","ast-site-content-layout":"full-width-container","site-content-style":"default","site-sidebar-style":"default","ast-global-header-display":"","ast-banner-title-visibility":"disabled","ast-main-header-display":"","ast-hfb-above-header-display":"","ast-hfb-below-header-display":"","ast-hfb-mobile-header-display":"","site-post-title":"disabled","ast-breadcrumbs-content":"","ast-featured-img":"","footer-sml-layout":"","theme-transparent-header-meta":"enabled","adv-header-id-meta":"","stick-header-meta":"","header-above-stick-meta":"","header-main-stick-meta":"","header-below-stick-meta":"","astra-migrate-meta-layouts":"set","ast-page-background-enabled":"default","ast-page-background-meta":{"desktop":{"background-color":"var(--ast-global-color-4)","background-image":"","background-repeat":"repeat","background-position":"center center","background-size":"auto","background-attachment":"scroll","background-type":"","background-media":"","overlay-type":"","overlay-color":"","overlay-opacity":"","overlay-gradient":""},"tablet":{"background-color":"","background-image":"","background-repeat":"repeat","background-position":"center center","background-size":"auto","background-attachment":"scroll","background-type":"","background-media":"","overlay-type":"","overlay-color":"","overlay-opacity":"","overlay-gradient":""},"mobile":{"background-color":"","background-image":"","background-repeat":"repeat","background-position":"center center","background-size":"auto","background-attachment":"scroll","background-type":"","background-media":"","overlay-type":"","overlay-color":"","overlay-opacity":"","overlay-gradient":""}},"ast-content-background-meta":{"desktop":{"background-color":"var(--ast-global-color-5)","background-image":"","background-repeat":"repeat","background-position":"center center","background-size":"auto","background-attachment":"scroll","background-type":"","background-media":"","overlay-type":"","overlay-color":"","overlay-opacity":"","overlay-gradient":""},"tablet":{"background-color":"var(--ast-global-color-5)","background-image":"","background-repeat":"repeat","background-position":"center center","background-size":"auto","background-attachment":"scroll","background-type":"","background-media":"","overlay-type":"","overlay-color":"","overlay-opacity":"","overlay-gradient":""},"mobile":{"background-color":"var(--ast-global-color-5)","background-image":"","background-repeat":"repeat","background-position":"center center","background-size":"auto","background-attachment":"scroll","background-type":"","background-media":"","overlay-type":"","overlay-color":"","overlay-opacity":"","overlay-gradient":""}},"_vp_format_video_url":"","_vp_image_focal_point":[],"footnotes":""},"class_list":["post-536","page","type-page","status-publish","hentry"],"uagb_featured_image_src":{"full":false,"thumbnail":false,"medium":false,"medium_large":false,"large":false,"1536x1536":false,"2048x2048":false,"etm-custom-language-flag":false,"vp_sm":false,"vp_md":false,"vp_lg":false,"vp_xl":false,"vp_sm_popup":false,"vp_md_popup":false,"vp_xl_popup":false},"uagb_author_info":{"display_name":"floti","author_link":"https:\/\/tonotion.com\/de\/author\/floti\/"},"uagb_comment_info":0,"uagb_excerpt":"Our core team","_links":{"self":[{"href":"https:\/\/tonotion.com\/de\/wp-json\/wp\/v2\/pages\/536","targetHints":{"allow":["GET"]}}],"collection":[{"href":"https:\/\/tonotion.com\/de\/wp-json\/wp\/v2\/pages"}],"about":[{"href":"https:\/\/tonotion.com\/de\/wp-json\/wp\/v2\/types\/page"}],"author":[{"embeddable":true,"href":"https:\/\/tonotion.com\/de\/wp-json\/wp\/v2\/users\/1"}],"replies":[{"embeddable":true,"href":"https:\/\/tonotion.com\/de\/wp-json\/wp\/v2\/comments?post=536"}],"version-history":[{"count":10,"href":"https:\/\/tonotion.com\/de\/wp-json\/wp\/v2\/pages\/536\/revisions"}],"predecessor-version":[{"id":1410,"href":"https:\/\/tonotion.com\/de\/wp-json\/wp\/v2\/pages\/536\/revisions\/1410"}],"wp:attachment":[{"href":"https:\/\/tonotion.com\/de\/wp-json\/wp\/v2\/media?parent=536"}],"curies":[{"name":"wp","href":"https:\/\/api.w.org\/{rel}","templated":true}]}}