{"id":1412,"date":"2025-06-11T17:16:15","date_gmt":"2025-06-11T15:16:15","guid":{"rendered":"https:\/\/tonotion.com\/?page_id=1412"},"modified":"2025-06-11T18:16:53","modified_gmt":"2025-06-11T16:16:53","slug":"privacy-policy","status":"publish","type":"page","link":"https:\/\/tonotion.com\/de\/privacy-policy\/","title":{"rendered":"Datenschutzerkl\u00e4rung"},"content":{"rendered":"<p><\/p>\n\n\n\n<div class=\"wp-block-uagb-advanced-heading uagb-block-6943f4d9\"><h1 class=\"uagb-heading-text\">Datenschutzerkl\u00e4rung<\/h1><\/div>\n\n\n\n<p>Nutzung von Google Analytics<\/p>\n\n\n\n<p>Wir verwenden Google Analytics, um die Website-Nutzung zu analysieren. Die daraus gewonnenen Daten werden genutzt, um unsere Website sowie Werbema\u00dfnahmen zu optimieren.\u00a0<\/p>\n\n\n\n<p>Google Analytics wird uns von\u00a0Google Ireland Limited (Gordon House, Barrow Street, Dublin 4, Irland) bereitgestellt. Google verarbeitet die Daten zur Website-Nutzung in unserem Auftrag und verpflichtet sich vertraglich zu Ma\u00dfnahmen, um die Sicherheit und Vertraulichkeit der verarbeiteten Daten zu gew\u00e4hrleisten.<\/p>\n\n\n\n<p>Bei Ihrem Website-Besuch werden unter anderem folgende Daten an Google \u00fcbermittelt:<\/p>\n\n\n\n<ul class=\"wp-block-list\">\n<li>Aufgerufene Seiten<\/li>\n\n\n\n<li>Erreichung der Website-Ziele (z.B. Kontaktanfragen und Newsletter-Abonnements)<\/li>\n\n\n\n<li>Ihr Verhalten auf den Seiten (z.B. Verweildauer, Klicks, Scrolltiefe)<\/li>\n\n\n\n<li>Ihr ungef\u00e4hrer Standort (Land und Stadt)<\/li>\n\n\n\n<li>Ihre Internetadresse (IP-Adresse)<\/li>\n\n\n\n<li>Technische Informationen wie Browser, Internetprovider, Ger\u00e4t und Bildschirmaufl\u00f6sung<\/li>\n\n\n\n<li>Quelle Ihres Besuchs (d. h. von welcher Website oder welchem Werbemedium Sie zu uns gekommen sind)<\/li>\n\n\n\n<li>Eine zuf\u00e4llig generierte Benutzer-ID<\/li>\n<\/ul>\n\n\n\n<p>Es werden keine personenbezogenen Daten wie Name, Adresse oder Kontaktdaten an Google Analytics \u00fcbertragen.<br>Diese Daten werden an Server von Google in den USA \u00fcbertragen. Wir weisen darauf hin, dass in den USA nicht das gleiche Datenschutzniveau gew\u00e4hrleistet werden kann wie innerhalb der EU.<\/p>\n\n\n\n<p>Google Analytics speichert Cookies in Ihrem Webbrowser f\u00fcr die Dauer von zwei\u00a0Jahren seit Ihrem letzten Besuch. Diese Cookies enthalten eine zufallsgenerierte User-ID, mit der Sie bei zuk\u00fcnftigen Website-Besuchen wiedererkannt werden k\u00f6nnen.<br>Die aufgezeichneten Daten werden zusammen mit der zufallsgenerierten User-ID gespeichert, was die Auswertung pseudonymer Nutzerprofile erm\u00f6glicht. Diese nutzerbezogenen Daten werden automatisch nach 14 Monaten gel\u00f6scht. Sonstige Daten bleiben in aggregierter Form unbefristet gespeichert.<br>Sollten Sie mit der Erfassung nicht einverstanden sein, k\u00f6nnen Sie diese mit der einmaligen Installation des Browser-Add-ons zur Deaktivierung von Google Analytics unterbinden oder durch das Ablehnen der Cookies \u00fcber unseren Cookie-Einstellungs-Dialog.<\/p>\n\n\n\n<p>Quelle: traffic3.net<\/p>","protected":false},"excerpt":{"rendered":"<p>Verwendung von Google Analytics Wir verwenden Google Analytics, um die Nutzung der Website zu analysieren. Die gewonnenen Daten werden zur Optimierung unserer Website und unserer Werbema\u00dfnahmen verwendet. Google Analytics wird uns von Google Ireland Limited (Gordon House, Barrow Street, Dublin 4, Irland) zur Verf\u00fcgung gestellt. Google verarbeitet in unserem Auftrag Website-Nutzungsdaten und ist vertraglich [...]<\/p>","protected":false},"author":1,"featured_media":0,"parent":0,"menu_order":0,"comment_status":"closed","ping_status":"closed","template":"","meta":{"_uag_custom_page_level_css":"","site-sidebar-layout":"default","site-content-layout":"","ast-site-content-layout":"default","site-content-style":"default","site-sidebar-style":"default","ast-global-header-display":"","ast-banner-title-visibility":"","ast-main-header-display":"","ast-hfb-above-header-display":"","ast-hfb-below-header-display":"","ast-hfb-mobile-header-display":"","site-post-title":"","ast-breadcrumbs-content":"","ast-featured-img":"","footer-sml-layout":"","theme-transparent-header-meta":"","adv-header-id-meta":"","stick-header-meta":"","header-above-stick-meta":"","header-main-stick-meta":"","header-below-stick-meta":"","astra-migrate-meta-layouts":"set","ast-page-background-enabled":"default","ast-page-background-meta":{"desktop":{"background-color":"var(--ast-global-color-4)","background-image":"","background-repeat":"repeat","background-position":"center center","background-size":"auto","background-attachment":"scroll","background-type":"","background-media":"","overlay-type":"","overlay-color":"","overlay-opacity":"","overlay-gradient":""},"tablet":{"background-color":"","background-image":"","background-repeat":"repeat","background-position":"center center","background-size":"auto","background-attachment":"scroll","background-type":"","background-media":"","overlay-type":"","overlay-color":"","overlay-opacity":"","overlay-gradient":""},"mobile":{"background-color":"","background-image":"","background-repeat":"repeat","background-position":"center center","background-size":"auto","background-attachment":"scroll","background-type":"","background-media":"","overlay-type":"","overlay-color":"","overlay-opacity":"","overlay-gradient":""}},"ast-content-background-meta":{"desktop":{"background-color":"var(--ast-global-color-5)","background-image":"","background-repeat":"repeat","background-position":"center center","background-size":"auto","background-attachment":"scroll","background-type":"","background-media":"","overlay-type":"","overlay-color":"","overlay-opacity":"","overlay-gradient":""},"tablet":{"background-color":"var(--ast-global-color-5)","background-image":"","background-repeat":"repeat","background-position":"center center","background-size":"auto","background-attachment":"scroll","background-type":"","background-media":"","overlay-type":"","overlay-color":"","overlay-opacity":"","overlay-gradient":""},"mobile":{"background-color":"var(--ast-global-color-5)","background-image":"","background-repeat":"repeat","background-position":"center center","background-size":"auto","background-attachment":"scroll","background-type":"","background-media":"","overlay-type":"","overlay-color":"","overlay-opacity":"","overlay-gradient":""}},"_vp_format_video_url":"","_vp_image_focal_point":[],"footnotes":""},"class_list":["post-1412","page","type-page","status-publish","hentry"],"uagb_featured_image_src":{"full":false,"thumbnail":false,"medium":false,"medium_large":false,"large":false,"1536x1536":false,"2048x2048":false,"etm-custom-language-flag":false,"vp_sm":false,"vp_md":false,"vp_lg":false,"vp_xl":false,"vp_sm_popup":false,"vp_md_popup":false,"vp_xl_popup":false},"uagb_author_info":{"display_name":"floti","author_link":"https:\/\/tonotion.com\/de\/author\/floti\/"},"uagb_comment_info":0,"uagb_excerpt":"privacy policy Use of Google Analytics We use Google Analytics to analyse website usage. The data obtained is used to optimise our website and our advertising efforts. Google Analytics is provided to us by Google Ireland Limited (Gordon House, Barrow Street, Dublin 4, Ireland). Google processes website usage data on our behalf and is contractually&hellip;","_links":{"self":[{"href":"https:\/\/tonotion.com\/de\/wp-json\/wp\/v2\/pages\/1412","targetHints":{"allow":["GET"]}}],"collection":[{"href":"https:\/\/tonotion.com\/de\/wp-json\/wp\/v2\/pages"}],"about":[{"href":"https:\/\/tonotion.com\/de\/wp-json\/wp\/v2\/types\/page"}],"author":[{"embeddable":true,"href":"https:\/\/tonotion.com\/de\/wp-json\/wp\/v2\/users\/1"}],"replies":[{"embeddable":true,"href":"https:\/\/tonotion.com\/de\/wp-json\/wp\/v2\/comments?post=1412"}],"version-history":[{"count":3,"href":"https:\/\/tonotion.com\/de\/wp-json\/wp\/v2\/pages\/1412\/revisions"}],"predecessor-version":[{"id":1418,"href":"https:\/\/tonotion.com\/de\/wp-json\/wp\/v2\/pages\/1412\/revisions\/1418"}],"wp:attachment":[{"href":"https:\/\/tonotion.com\/de\/wp-json\/wp\/v2\/media?parent=1412"}],"curies":[{"name":"wp","href":"https:\/\/api.w.org\/{rel}","templated":true}]}}